{"id":1151,"date":"2023-02-14T12:35:03","date_gmt":"2023-02-14T11:35:03","guid":{"rendered":"https:\/\/ufind.ch\/contact\/"},"modified":"2024-11-21T02:21:57","modified_gmt":"2024-11-21T01:21:57","slug":"contact","status":"publish","type":"page","link":"https:\/\/ufind.ch\/en\/contact\/","title":{"rendered":"Contact"},"content":{"rendered":"\t\t<div data-elementor-type=\"wp-page\" data-elementor-id=\"1151\" class=\"elementor elementor-1151 elementor-141\" data-elementor-post-type=\"page\">\n\t\t\t\t<div class=\"elementor-element elementor-element-9588927 bg-fluid e-flex e-con-boxed e-con e-parent\" data-id=\"9588927\" data-element_type=\"container\">\n\t\t\t\t\t<div class=\"e-con-inner\">\n\t\t<div class=\"elementor-element elementor-element-c99de84 e-con-full e-flex e-con e-child\" data-id=\"c99de84\" data-element_type=\"container\">\n\t\t\t\t<div class=\"elementor-element elementor-element-a71a274 elementor-widget__width-initial elementor-widget-tablet__width-initial elementor-widget elementor-widget-heading\" data-id=\"a71a274\" data-element_type=\"widget\" data-widget_type=\"heading.default\">\n\t\t\t\t<div class=\"elementor-widget-container\">\n\t\t\t\t\t<h1 class=\"elementor-heading-title elementor-size-default\">Contact us\n<\/h1>\t\t\t\t<\/div>\n\t\t\t\t<\/div>\n\t\t\t\t<div class=\"elementor-element elementor-element-d593da2 elementor-widget elementor-widget-wpforms\" data-id=\"d593da2\" data-element_type=\"widget\" data-widget_type=\"wpforms.default\">\n\t\t\t\t<div class=\"elementor-widget-container\">\n\t\t\t\t\t<div class=\"wpforms-container \" id=\"wpforms-813\"><form id=\"wpforms-form-813\" class=\"wpforms-validate wpforms-form wpforms-ajax-form\" data-formid=\"813\" method=\"post\" enctype=\"multipart\/form-data\" action=\"\/en\/wp-json\/wp\/v2\/pages\/1151\" data-token=\"b9b8242c460f74d545225eb9e756e560\"><noscript class=\"wpforms-error-noscript\">Please enable JavaScript in your browser to complete this form.<\/noscript><div class=\"wpforms-field-container\"><div id=\"wpforms-813-field_0-container\" class=\"wpforms-field wpforms-field-name\" data-field-id=\"0\"><label class=\"wpforms-field-label\" for=\"wpforms-813-field_0\">Nom <span class=\"wpforms-required-label\">*<\/span><\/label><div class=\"wpforms-field-row wpforms-field-large\"><div class=\"wpforms-field-row-block wpforms-first wpforms-one-half\"><input type=\"text\" id=\"wpforms-813-field_0\" class=\"wpforms-field-name-first wpforms-field-required\" name=\"wpforms[fields][0][first]\" required><label for=\"wpforms-813-field_0\" class=\"wpforms-field-sublabel after \">First<\/label><\/div><div class=\"wpforms-field-row-block wpforms-one-half\"><input type=\"text\" id=\"wpforms-813-field_0-last\" class=\"wpforms-field-name-last wpforms-field-required\" name=\"wpforms[fields][0][last]\" required><label for=\"wpforms-813-field_0-last\" class=\"wpforms-field-sublabel after \">Last<\/label><\/div><\/div><\/div><div id=\"wpforms-813-field_1-container\" class=\"wpforms-field wpforms-field-email\" data-field-id=\"1\"><label class=\"wpforms-field-label\" for=\"wpforms-813-field_1\">E-mail <span class=\"wpforms-required-label\">*<\/span><\/label><input type=\"email\" id=\"wpforms-813-field_1\" class=\"wpforms-field-large wpforms-field-required\" name=\"wpforms[fields][1]\" required><\/div><div id=\"wpforms-813-field_2-container\" class=\"wpforms-field wpforms-field-textarea\" data-field-id=\"2\"><label class=\"wpforms-field-label\" for=\"wpforms-813-field_2\">Commentaire ou message<\/label><textarea id=\"wpforms-813-field_2\" class=\"wpforms-field-medium\" name=\"wpforms[fields][2]\" ><\/textarea><\/div><\/div><div class=\"wpforms-submit-container\"><input type=\"hidden\" name=\"wpforms[id]\" value=\"813\"><input type=\"hidden\" name=\"wpforms[author]\" value=\"2\"><button type=\"submit\" name=\"wpforms[submit]\" id=\"wpforms-submit-813\" class=\"wpforms-submit\" data-alt-text=\"Envoi...\" data-submit-text=\"Envoyer\" aria-live=\"assertive\" value=\"wpforms-submit\">Envoyer<\/button><img decoding=\"async\" src=\"https:\/\/ufind.ch\/wp-content\/plugins\/wpforms\/assets\/images\/submit-spin.svg\" class=\"wpforms-submit-spinner\" style=\"display: none;\" width=\"26\" height=\"26\" alt=\"Loading\"><\/div><\/form><\/div>  <!-- .wpforms-container -->\t\t\t\t<\/div>\n\t\t\t\t<\/div>\n\t\t\t\t<\/div>\n\t\t<div class=\"elementor-element elementor-element-c1423ea e-con-full animated-fast e-flex elementor-invisible e-con e-child\" data-id=\"c1423ea\" data-element_type=\"container\" data-settings=\"{&quot;background_background&quot;:&quot;classic&quot;,&quot;animation&quot;:&quot;fadeInUp&quot;}\">\n\t\t\t\t<div class=\"elementor-element elementor-element-c775611 elementor-widget elementor-widget-heading\" data-id=\"c775611\" data-element_type=\"widget\" data-widget_type=\"heading.default\">\n\t\t\t\t<div class=\"elementor-widget-container\">\n\t\t\t\t\t<h6 class=\"elementor-heading-title elementor-size-default\">Write to us\n<\/h6>\t\t\t\t<\/div>\n\t\t\t\t<\/div>\n\t\t\t\t<div class=\"elementor-element elementor-element-a75f318 elementor-widget elementor-widget-text-editor\" data-id=\"a75f318\" data-element_type=\"widget\" data-widget_type=\"text-editor.default\">\n\t\t\t\t<div class=\"elementor-widget-container\">\n\t\t\t\t\t\t\t\t\t<p class=\"font-size-15\"><a href=\"mailto:info@ufind.ch\" style=\"color:black !important\">info@ufind.ch<\/a><\/p>\t\t\t\t\t\t\t\t<\/div>\n\t\t\t\t<\/div>\n\t\t\t\t<div class=\"elementor-element elementor-element-d95e22a elementor-widget elementor-widget-heading\" data-id=\"d95e22a\" data-element_type=\"widget\" data-widget_type=\"heading.default\">\n\t\t\t\t<div class=\"elementor-widget-container\">\n\t\t\t\t\t<h6 class=\"elementor-heading-title elementor-size-default\">ADDRESS<\/h6>\t\t\t\t<\/div>\n\t\t\t\t<\/div>\n\t\t\t\t<div class=\"elementor-element elementor-element-9d943dc elementor-widget elementor-widget-text-editor\" data-id=\"9d943dc\" data-element_type=\"widget\" data-widget_type=\"text-editor.default\">\n\t\t\t\t<div class=\"elementor-widget-container\">\n\t\t\t\t\t\t\t\t\t<p class=\"font-size-15\">Route des Jeunes 5A<br \/>1227 Les Acacias<br \/>Suisse<\/p>\t\t\t\t\t\t\t\t<\/div>\n\t\t\t\t<\/div>\n\t\t\t\t<\/div>\n\t\t\t\t\t<\/div>\n\t\t\t\t<\/div>\n\t\t<div class=\"elementor-element elementor-element-7468623 elementor-hidden-desktop elementor-hidden-tablet elementor-hidden-mobile e-flex e-con-boxed e-con e-parent\" data-id=\"7468623\" data-element_type=\"container\">\n\t\t\t\t\t<div class=\"e-con-inner\">\n\t\t\t\t<div class=\"elementor-element elementor-element-24fa110 elementor-widget elementor-widget-google_maps\" data-id=\"24fa110\" data-element_type=\"widget\" data-widget_type=\"google_maps.default\">\n\t\t\t\t<div class=\"elementor-widget-container\">\n\t\t\t\t\t\t\t<div class=\"elementor-custom-embed\">\n\t\t\t<iframe loading=\"lazy\"\n\t\t\t\t\tsrc=\"https:\/\/maps.google.com\/maps?q=Suisse&#038;t=m&#038;z=10&#038;output=embed&#038;iwloc=near\"\n\t\t\t\t\ttitle=\"Suisse\"\n\t\t\t\t\taria-label=\"Suisse\"\n\t\t\t><\/iframe>\n\t\t<\/div>\n\t\t\t\t\t\t<\/div>\n\t\t\t\t<\/div>\n\t\t\t\t\t<\/div>\n\t\t\t\t<\/div>\n\t\t<div class=\"elementor-element elementor-element-11cf692 e-flex e-con-boxed e-con e-parent\" data-id=\"11cf692\" data-element_type=\"container\" data-settings=\"{&quot;background_background&quot;:&quot;classic&quot;}\">\n\t\t\t\t\t<div class=\"e-con-inner\">\n\t\t<div class=\"elementor-element elementor-element-665d5e5 e-con-full e-flex e-con e-child\" data-id=\"665d5e5\" data-element_type=\"container\">\n\t\t<div class=\"elementor-element elementor-element-20d850a e-flex e-con-boxed e-con e-child\" data-id=\"20d850a\" data-element_type=\"container\">\n\t\t\t\t\t<div class=\"e-con-inner\">\n\t\t\t\t<div class=\"elementor-element elementor-element-1e18c8b elementor-widget elementor-widget-heading\" data-id=\"1e18c8b\" data-element_type=\"widget\" data-widget_type=\"heading.default\">\n\t\t\t\t<div class=\"elementor-widget-container\">\n\t\t\t\t\t<span class=\"elementor-heading-title elementor-size-default\">COMMENT CA MARCHE<\/span>\t\t\t\t<\/div>\n\t\t\t\t<\/div>\n\t\t\t\t<div class=\"elementor-element elementor-element-879b397 elementor-widget elementor-widget-heading\" data-id=\"879b397\" data-element_type=\"widget\" data-widget_type=\"heading.default\">\n\t\t\t\t<div class=\"elementor-widget-container\">\n\t\t\t\t\t<h2 class=\"elementor-heading-title elementor-size-default\">Une recherche simple, rapide, en quelques clics<\/h2>\t\t\t\t<\/div>\n\t\t\t\t<\/div>\n\t\t\t\t<div class=\"elementor-element elementor-element-6b1749e elementor-widget elementor-widget-text-editor\" data-id=\"6b1749e\" data-element_type=\"widget\" data-widget_type=\"text-editor.default\">\n\t\t\t\t<div class=\"elementor-widget-container\">\n\t\t\t\t\t\t\t\t\tGr\u00e2ce \u00e0 notre formulaire simple et rapide uFind recherche vos avoirs de 2\u00e8me pilier parmi plus de 1500 instituts\t\t\t\t\t\t\t\t<\/div>\n\t\t\t\t<\/div>\n\t\t\t\t\t<\/div>\n\t\t\t\t<\/div>\n\t\t<div class=\"elementor-element elementor-element-1a5697e e-con-full e-flex e-con e-child\" data-id=\"1a5697e\" data-element_type=\"container\">\n\t\t<div class=\"elementor-element elementor-element-7798ba0 e-con-full animated-fast e-flex elementor-invisible e-con e-child\" data-id=\"7798ba0\" data-element_type=\"container\" data-settings=\"{&quot;animation&quot;:&quot;fadeInUp&quot;,&quot;animation_delay&quot;:250}\">\n\t\t\t\t<div class=\"elementor-element elementor-element-df36c76 bdt-icon-type-image elementor-position-top bdt-icon-effect-none elementor-widget elementor-widget-bdt-advanced-icon-box\" data-id=\"df36c76\" data-element_type=\"widget\" id=\"box-1-hover\" data-widget_type=\"bdt-advanced-icon-box.default\">\n\t\t\t\t<div class=\"elementor-widget-container\">\n\t\t\t\t\t\t\t<div class=\"bdt-ep-advanced-icon-box\">\n\n\t\t\t\t\t\t\t\n\t\t\t\t\t\t\t<div class=\"bdt-ep-advanced-icon-box-icon\">\n\t\t\t\t\t<span class=\"bdt-ep-advanced-icon-box-icon-wrap\">\n\n\n\t\t\t\t\t\t\t\t\t\t\t\t\t<img decoding=\"async\" src=\"https:\/\/ufind.ch\/wp-content\/uploads\/2023\/02\/Sablier-uFind-Noir.webp\" alt=\"Remplissez le formulaire s\u00e9curis\u00e9 en 2 minutes\">\n\t\t\t\t\t\t\t\t\t\t\t<\/span>\n\t\t\t\t<\/div>\n\t\t\t\n\t\t\t\t\t\n\t\t\t<div class=\"bdt-ep-advanced-icon-box-content\">\n\n\t\t\t\t\t\t\t\t\t\n\t\t\t\t<h4 class=\"bdt-ep-advanced-icon-box-title\">\n\t\t\t\t<span >\n\t\t\t\t\tRemplissez le formulaire s\u00e9curis\u00e9 en 2 minutes\t\t\t\t<\/span>\n\t\t\t<\/h4>\n\t\t\n\n\t\t\n\t\t\t\t\t\t\n\t\t\t\t\n\t\t\t\t\t\t\t\t\t<div class=\"bdt-ep-advanced-icon-box-description\">\n\t\t\t\t\t\t<p>Entrez vos donn\u00e9es personnelles, ces informations sont primordiales afin que la recherche aboutisse<\/p>\t\t\t\t\t<\/div>\n\t\t\t\t\n\t\t\t\t\t\t\t<\/div>\n\t\t<\/div>\n\n\t\t\n\t\t\n\t\t\t\t\t\t<\/div>\n\t\t\t\t<\/div>\n\t\t\t\t<\/div>\n\t\t<div class=\"elementor-element elementor-element-27d0331 e-con-full animated-fast e-flex elementor-invisible e-con e-child\" data-id=\"27d0331\" data-element_type=\"container\" data-settings=\"{&quot;animation&quot;:&quot;fadeInUp&quot;,&quot;animation_delay&quot;:500}\">\n\t\t\t\t<div class=\"elementor-element elementor-element-cada486 bdt-icon-type-image elementor-position-top bdt-icon-effect-none elementor-widget elementor-widget-bdt-advanced-icon-box\" data-id=\"cada486\" data-element_type=\"widget\" id=\"box-2-hover\" data-widget_type=\"bdt-advanced-icon-box.default\">\n\t\t\t\t<div class=\"elementor-widget-container\">\n\t\t\t\t\t\t\t<div class=\"bdt-ep-advanced-icon-box\">\n\n\t\t\t\t\t\t\t\n\t\t\t\t\t\t\t<div class=\"bdt-ep-advanced-icon-box-icon\">\n\t\t\t\t\t<span class=\"bdt-ep-advanced-icon-box-icon-wrap\">\n\n\n\t\t\t\t\t\t\t\t\t\t\t\t\t<img decoding=\"async\" src=\"https:\/\/ufind.ch\/wp-content\/uploads\/2023\/02\/Estimation-uFind-Noir.webp\" alt=\"Patientez entre 60 et 90 jours\">\n\t\t\t\t\t\t\t\t\t\t\t<\/span>\n\t\t\t\t<\/div>\n\t\t\t\n\t\t\t\t\t\n\t\t\t<div class=\"bdt-ep-advanced-icon-box-content\">\n\n\t\t\t\t\t\t\t\t\t\n\t\t\t\t<h4 class=\"bdt-ep-advanced-icon-box-title\">\n\t\t\t\t<span >\n\t\t\t\t\tPatientez entre 60 et 90 jours\t\t\t\t<\/span>\n\t\t\t<\/h4>\n\t\t\n\n\t\t\n\t\t\t\t\t\t\n\t\t\t\t\n\t\t\t\t\t\t\t\t\t<div class=\"bdt-ep-advanced-icon-box-description\">\n\t\t\t\t\t\tLa recherche peut durer jusque 3 mois, tous les instituts sans exceptions sont sond\u00e9s afin de retrouver vos avoirs 2\u00e8me pilier\t\t\t\t\t<\/div>\n\t\t\t\t\n\t\t\t\t\t\t\t<\/div>\n\t\t<\/div>\n\n\t\t\n\t\t\n\t\t\t\t\t\t<\/div>\n\t\t\t\t<\/div>\n\t\t\t\t<\/div>\n\t\t<div class=\"elementor-element elementor-element-12be6df e-con-full animated-fast e-flex elementor-invisible e-con e-child\" data-id=\"12be6df\" data-element_type=\"container\" data-settings=\"{&quot;animation&quot;:&quot;fadeInUp&quot;,&quot;animation_delay&quot;:750}\">\n\t\t\t\t<div class=\"elementor-element elementor-element-49d2cf2 bdt-icon-type-image elementor-position-top bdt-icon-effect-none elementor-widget elementor-widget-bdt-advanced-icon-box\" data-id=\"49d2cf2\" data-element_type=\"widget\" id=\"box-3-hover\" data-widget_type=\"bdt-advanced-icon-box.default\">\n\t\t\t\t<div class=\"elementor-widget-container\">\n\t\t\t\t\t\t\t<div class=\"bdt-ep-advanced-icon-box\">\n\n\t\t\t\t\t\t\t\n\t\t\t\t\t\t\t<div class=\"bdt-ep-advanced-icon-box-icon\">\n\t\t\t\t\t<span class=\"bdt-ep-advanced-icon-box-icon-wrap\">\n\n\n\t\t\t\t\t\t\t\t\t\t\t\t\t<img decoding=\"async\" src=\"https:\/\/ufind.ch\/wp-content\/uploads\/2023\/02\/Tresor-uFind-Noir.webp\" alt=\"D\u00e9couvrez combien vous avez\">\n\t\t\t\t\t\t\t\t\t\t\t<\/span>\n\t\t\t\t<\/div>\n\t\t\t\n\t\t\t\t\t\n\t\t\t<div class=\"bdt-ep-advanced-icon-box-content\">\n\n\t\t\t\t\t\t\t\t\t\n\t\t\t\t<h4 class=\"bdt-ep-advanced-icon-box-title\">\n\t\t\t\t<span >\n\t\t\t\t\tD\u00e9couvrez combien vous avez\t\t\t\t<\/span>\n\t\t\t<\/h4>\n\t\t\n\n\t\t\n\t\t\t\t\t\t\n\t\t\t\t\n\t\t\t\t\t\t\t\t\t<div class=\"bdt-ep-advanced-icon-box-description\">\n\t\t\t\t\t\t<p>Bingo, la recherche est termin\u00e9e, nous vous contactons afin de vous communiquer le r\u00e9sultat de votre recherche et vous accompagnons afin de les centraliser<\/p>\t\t\t\t\t<\/div>\n\t\t\t\t\n\t\t\t\t\t\t\t<\/div>\n\t\t<\/div>\n\n\t\t\n\t\t\n\t\t\t\t\t\t<\/div>\n\t\t\t\t<\/div>\n\t\t\t\t<\/div>\n\t\t\t\t<\/div>\n\t\t\t\t<div class=\"elementor-element elementor-element-4dcc6e2 elementor-widget elementor-widget-html\" data-id=\"4dcc6e2\" data-element_type=\"widget\" data-widget_type=\"html.default\">\n\t\t\t\t<div class=\"elementor-widget-container\">\n\t\t\t\t\t<script>\nconst box1 = document.getElementById(\"box-1-hover\");\nconst imagebox1 = box1.querySelector('img');\nconst box2 = document.getElementById(\"box-2-hover\");\nconst imagebox2 = box2.querySelector('img');\nconst box3 = document.getElementById(\"box-3-hover\");\nconst imagebox3 = box3.querySelector('img');\n\n\n  box1.addEventListener('mouseenter', function() {\n  imagebox1.src=\"https:\/\/ufind.ch\/wp-content\/uploads\/2023\/02\/Sablier-uFind.webp\";\n});\n\nbox1.addEventListener('mouseleave', function() {\n  imagebox1.src=\"https:\/\/ufind.ch\/wp-content\/uploads\/2023\/02\/Sablier-uFind-Noir.webp\";\n});\n  \n  \n    box2.addEventListener('mouseenter', function() {\n  imagebox2.src=\"https:\/\/ufind.ch\/wp-content\/uploads\/2023\/02\/Estimation-uFind.webp\";\n});\n\nbox2.addEventListener('mouseleave', function() {\n  imagebox2.src=\"https:\/\/ufind.ch\/wp-content\/uploads\/2023\/02\/Estimation-uFind-Noir.webp\";\n});\n    box3.addEventListener('mouseenter', function() {\n  imagebox3.src=\"https:\/\/ufind.ch\/wp-content\/uploads\/2023\/02\/Tresor-uFind.webp\";\n});\n\nbox3.addEventListener('mouseleave', function() {\n  imagebox3.src=\"https:\/\/ufind.ch\/wp-content\/uploads\/2023\/02\/Tresor-uFind-Noir.webp\";\n});\n\n<\/script>\t\t\t\t<\/div>\n\t\t\t\t<\/div>\n\t\t\t\t<div class=\"elementor-element elementor-element-c3c60d8 elementor-align-center elementor-widget elementor-widget-button\" data-id=\"c3c60d8\" data-element_type=\"widget\" data-widget_type=\"button.default\">\n\t\t\t\t<div class=\"elementor-widget-container\">\n\t\t\t\t\t\t\t\t\t<div class=\"elementor-button-wrapper\">\n\t\t\t\t\t<a class=\"elementor-button elementor-button-link elementor-size-sm\" href=\"\/lancer-une-recherche\/\">\n\t\t\t\t\t\t<span class=\"elementor-button-content-wrapper\">\n\t\t\t\t\t\t<span class=\"elementor-button-icon\">\n\t\t\t\t<i aria-hidden=\"true\" class=\"fas fa-chevron-right\"><\/i>\t\t\t<\/span>\n\t\t\t\t\t\t\t\t\t<span class=\"elementor-button-text\">Faire une demande<\/span>\n\t\t\t\t\t<\/span>\n\t\t\t\t\t<\/a>\n\t\t\t\t<\/div>\n\t\t\t\t\t\t\t\t<\/div>\n\t\t\t\t<\/div>\n\t\t\t\t<\/div>\n\t\t\t\t\t<\/div>\n\t\t\t\t<\/div>\n\t\t\t\t<\/div>\n\t\t","protected":false},"excerpt":{"rendered":"<p>Contact us Write to us info@ufind.ch ADDRESS Route des Jeunes 5A1227 Les AcaciasSuisse COMMENT CA MARCHE Une recherche simple, rapide, en quelques [&hellip;]<\/p>\n","protected":false},"author":2,"featured_media":0,"parent":0,"menu_order":0,"comment_status":"closed","ping_status":"closed","template":"","meta":{"footnotes":""},"class_list":["post-1151","page","type-page","status-publish","hentry"],"yoast_head":"<!-- This site is optimized with the Yoast SEO plugin v24.1 - https:\/\/yoast.com\/wordpress\/plugins\/seo\/ -->\n<title>Contact - uFind<\/title>\n<meta name=\"robots\" content=\"index, follow, max-snippet:-1, max-image-preview:large, max-video-preview:-1\" \/>\n<link rel=\"canonical\" href=\"https:\/\/ufind.ch\/contact\/\" \/>\n<meta property=\"og:locale\" content=\"en_US\" \/>\n<meta property=\"og:type\" content=\"article\" \/>\n<meta property=\"og:title\" content=\"Contact - uFind\" \/>\n<meta property=\"og:description\" content=\"Contact us Write to us info@ufind.ch ADDRESS Route des Jeunes 5A1227 Les AcaciasSuisse COMMENT CA MARCHE Une recherche simple, rapide, en quelques [&hellip;]\" \/>\n<meta property=\"og:url\" content=\"https:\/\/ufind.ch\/contact\/\" \/>\n<meta property=\"og:site_name\" content=\"uFind\" \/>\n<meta property=\"article:modified_time\" content=\"2024-11-21T01:21:57+00:00\" \/>\n<meta property=\"og:image\" content=\"https:\/\/ufind.ch\/wp-content\/uploads\/2023\/02\/Sablier-uFind-Noir.webp\" \/>\n<meta name=\"twitter:card\" content=\"summary_large_image\" \/>\n<meta name=\"twitter:label1\" content=\"Est. reading time\" \/>\n\t<meta name=\"twitter:data1\" content=\"2 minutes\" \/>\n<script type=\"application\/ld+json\" class=\"yoast-schema-graph\">{\"@context\":\"https:\/\/schema.org\",\"@graph\":[{\"@type\":\"WebPage\",\"@id\":\"https:\/\/ufind.ch\/contact\/\",\"url\":\"https:\/\/ufind.ch\/contact\/\",\"name\":\"Contact - uFind\",\"isPartOf\":{\"@id\":\"https:\/\/ufind.ch\/#website\"},\"primaryImageOfPage\":{\"@id\":\"https:\/\/ufind.ch\/contact\/#primaryimage\"},\"image\":{\"@id\":\"https:\/\/ufind.ch\/contact\/#primaryimage\"},\"thumbnailUrl\":\"https:\/\/ufind.ch\/wp-content\/uploads\/2023\/02\/Sablier-uFind-Noir.webp\",\"datePublished\":\"2023-02-14T11:35:03+00:00\",\"dateModified\":\"2024-11-21T01:21:57+00:00\",\"breadcrumb\":{\"@id\":\"https:\/\/ufind.ch\/contact\/#breadcrumb\"},\"inLanguage\":\"en-US\",\"potentialAction\":[{\"@type\":\"ReadAction\",\"target\":[\"https:\/\/ufind.ch\/contact\/\"]}]},{\"@type\":\"ImageObject\",\"inLanguage\":\"en-US\",\"@id\":\"https:\/\/ufind.ch\/contact\/#primaryimage\",\"url\":\"https:\/\/ufind.ch\/wp-content\/uploads\/2023\/02\/Sablier-uFind-Noir.webp\",\"contentUrl\":\"https:\/\/ufind.ch\/wp-content\/uploads\/2023\/02\/Sablier-uFind-Noir.webp\"},{\"@type\":\"BreadcrumbList\",\"@id\":\"https:\/\/ufind.ch\/contact\/#breadcrumb\",\"itemListElement\":[{\"@type\":\"ListItem\",\"position\":1,\"name\":\"Accueil\",\"item\":\"https:\/\/ufind.ch\/\"},{\"@type\":\"ListItem\",\"position\":2,\"name\":\"Contact\"}]},{\"@type\":\"WebSite\",\"@id\":\"https:\/\/ufind.ch\/#website\",\"url\":\"https:\/\/ufind.ch\/\",\"name\":\"uFind\",\"description\":\"\",\"publisher\":{\"@id\":\"https:\/\/ufind.ch\/#organization\"},\"potentialAction\":[{\"@type\":\"SearchAction\",\"target\":{\"@type\":\"EntryPoint\",\"urlTemplate\":\"https:\/\/ufind.ch\/?s={search_term_string}\"},\"query-input\":{\"@type\":\"PropertyValueSpecification\",\"valueRequired\":true,\"valueName\":\"search_term_string\"}}],\"inLanguage\":\"en-US\"},{\"@type\":\"Organization\",\"@id\":\"https:\/\/ufind.ch\/#organization\",\"name\":\"uFind\",\"url\":\"https:\/\/ufind.ch\/\",\"logo\":{\"@type\":\"ImageObject\",\"inLanguage\":\"en-US\",\"@id\":\"https:\/\/ufind.ch\/#\/schema\/logo\/image\/\",\"url\":\"https:\/\/ufind.ch\/wp-content\/uploads\/2023\/02\/Logo-uFind.webp\",\"contentUrl\":\"https:\/\/ufind.ch\/wp-content\/uploads\/2023\/02\/Logo-uFind.webp\",\"width\":500,\"height\":151,\"caption\":\"uFind\"},\"image\":{\"@id\":\"https:\/\/ufind.ch\/#\/schema\/logo\/image\/\"},\"sameAs\":[\"https:\/\/www.instagram.com\/ufind.ch\/\"]}]}<\/script>\n<!-- \/ Yoast SEO plugin. -->","yoast_head_json":{"title":"Contact - uFind","robots":{"index":"index","follow":"follow","max-snippet":"max-snippet:-1","max-image-preview":"max-image-preview:large","max-video-preview":"max-video-preview:-1"},"canonical":"https:\/\/ufind.ch\/contact\/","og_locale":"en_US","og_type":"article","og_title":"Contact - uFind","og_description":"Contact us Write to us info@ufind.ch ADDRESS Route des Jeunes 5A1227 Les AcaciasSuisse COMMENT CA MARCHE Une recherche simple, rapide, en quelques [&hellip;]","og_url":"https:\/\/ufind.ch\/contact\/","og_site_name":"uFind","article_modified_time":"2024-11-21T01:21:57+00:00","og_image":[{"url":"https:\/\/ufind.ch\/wp-content\/uploads\/2023\/02\/Sablier-uFind-Noir.webp","type":"","width":"","height":""}],"twitter_card":"summary_large_image","twitter_misc":{"Est. reading time":"2 minutes"},"schema":{"@context":"https:\/\/schema.org","@graph":[{"@type":"WebPage","@id":"https:\/\/ufind.ch\/contact\/","url":"https:\/\/ufind.ch\/contact\/","name":"Contact - uFind","isPartOf":{"@id":"https:\/\/ufind.ch\/#website"},"primaryImageOfPage":{"@id":"https:\/\/ufind.ch\/contact\/#primaryimage"},"image":{"@id":"https:\/\/ufind.ch\/contact\/#primaryimage"},"thumbnailUrl":"https:\/\/ufind.ch\/wp-content\/uploads\/2023\/02\/Sablier-uFind-Noir.webp","datePublished":"2023-02-14T11:35:03+00:00","dateModified":"2024-11-21T01:21:57+00:00","breadcrumb":{"@id":"https:\/\/ufind.ch\/contact\/#breadcrumb"},"inLanguage":"en-US","potentialAction":[{"@type":"ReadAction","target":["https:\/\/ufind.ch\/contact\/"]}]},{"@type":"ImageObject","inLanguage":"en-US","@id":"https:\/\/ufind.ch\/contact\/#primaryimage","url":"https:\/\/ufind.ch\/wp-content\/uploads\/2023\/02\/Sablier-uFind-Noir.webp","contentUrl":"https:\/\/ufind.ch\/wp-content\/uploads\/2023\/02\/Sablier-uFind-Noir.webp"},{"@type":"BreadcrumbList","@id":"https:\/\/ufind.ch\/contact\/#breadcrumb","itemListElement":[{"@type":"ListItem","position":1,"name":"Accueil","item":"https:\/\/ufind.ch\/"},{"@type":"ListItem","position":2,"name":"Contact"}]},{"@type":"WebSite","@id":"https:\/\/ufind.ch\/#website","url":"https:\/\/ufind.ch\/","name":"uFind","description":"","publisher":{"@id":"https:\/\/ufind.ch\/#organization"},"potentialAction":[{"@type":"SearchAction","target":{"@type":"EntryPoint","urlTemplate":"https:\/\/ufind.ch\/?s={search_term_string}"},"query-input":{"@type":"PropertyValueSpecification","valueRequired":true,"valueName":"search_term_string"}}],"inLanguage":"en-US"},{"@type":"Organization","@id":"https:\/\/ufind.ch\/#organization","name":"uFind","url":"https:\/\/ufind.ch\/","logo":{"@type":"ImageObject","inLanguage":"en-US","@id":"https:\/\/ufind.ch\/#\/schema\/logo\/image\/","url":"https:\/\/ufind.ch\/wp-content\/uploads\/2023\/02\/Logo-uFind.webp","contentUrl":"https:\/\/ufind.ch\/wp-content\/uploads\/2023\/02\/Logo-uFind.webp","width":500,"height":151,"caption":"uFind"},"image":{"@id":"https:\/\/ufind.ch\/#\/schema\/logo\/image\/"},"sameAs":["https:\/\/www.instagram.com\/ufind.ch\/"]}]}},"_links":{"self":[{"href":"https:\/\/ufind.ch\/en\/wp-json\/wp\/v2\/pages\/1151","targetHints":{"allow":["GET"]}}],"collection":[{"href":"https:\/\/ufind.ch\/en\/wp-json\/wp\/v2\/pages"}],"about":[{"href":"https:\/\/ufind.ch\/en\/wp-json\/wp\/v2\/types\/page"}],"author":[{"embeddable":true,"href":"https:\/\/ufind.ch\/en\/wp-json\/wp\/v2\/users\/2"}],"replies":[{"embeddable":true,"href":"https:\/\/ufind.ch\/en\/wp-json\/wp\/v2\/comments?post=1151"}],"version-history":[{"count":3,"href":"https:\/\/ufind.ch\/en\/wp-json\/wp\/v2\/pages\/1151\/revisions"}],"predecessor-version":[{"id":1201,"href":"https:\/\/ufind.ch\/en\/wp-json\/wp\/v2\/pages\/1151\/revisions\/1201"}],"wp:attachment":[{"href":"https:\/\/ufind.ch\/en\/wp-json\/wp\/v2\/media?parent=1151"}],"curies":[{"name":"wp","href":"https:\/\/api.w.org\/{rel}","templated":true}]}}